{"id":867,"date":"2026-05-06T17:03:17","date_gmt":"2026-05-06T17:03:17","guid":{"rendered":"https:\/\/origenrealfood.com\/?page_id=867"},"modified":"2026-05-06T17:35:06","modified_gmt":"2026-05-06T17:35:06","slug":"politica-de-privacidad","status":"publish","type":"page","link":"https:\/\/origenrealfood.com\/index.php\/politica-de-privacidad\/","title":{"rendered":"POL\u00cdTICA DE PRIVACIDAD"},"content":{"rendered":"\t\t<div data-elementor-type=\"wp-page\" data-elementor-id=\"867\" class=\"elementor elementor-867\">\n\t\t\t\t<div class=\"elementor-element elementor-element-42908b5e e-con-full animated-fast e-flex wcf-starter-animations-none elementor-invisible e-con e-parent\" data-id=\"42908b5e\" data-element_type=\"container\" data-e-type=\"container\" data-settings=\"{&quot;wcf_enable_cursor_hover_effect_text&quot;:&quot;View&quot;,&quot;animation&quot;:&quot;fadeIn&quot;,&quot;wcf-animation&quot;:&quot;none&quot;,&quot;wcf_enable_pin_area&quot;:&quot;no&quot;,&quot;aae_enable_header_sticky_area&quot;:&quot;no&quot;,&quot;wcf_enable_horizontal_scroll&quot;:&quot;no&quot;}\">\n\t\t<div class=\"elementor-element elementor-element-797e4e55 e-con-full e-flex wcf-starter-animations-none e-con e-child\" data-id=\"797e4e55\" data-element_type=\"container\" data-e-type=\"container\" data-settings=\"{&quot;wcf_enable_cursor_hover_effect_text&quot;:&quot;View&quot;,&quot;wcf-animation&quot;:&quot;none&quot;,&quot;wcf_enable_pin_area&quot;:&quot;no&quot;,&quot;aae_enable_header_sticky_area&quot;:&quot;no&quot;,&quot;wcf_enable_horizontal_scroll&quot;:&quot;no&quot;}\">\n\t\t<div class=\"elementor-element elementor-element-497a38aa e-con-full e-flex wcf-starter-animations-none e-con e-child\" data-id=\"497a38aa\" data-element_type=\"container\" data-e-type=\"container\" data-settings=\"{&quot;wcf_enable_cursor_hover_effect_text&quot;:&quot;View&quot;,&quot;wcf-animation&quot;:&quot;none&quot;,&quot;wcf_enable_pin_area&quot;:&quot;no&quot;,&quot;aae_enable_header_sticky_area&quot;:&quot;no&quot;,&quot;wcf_enable_horizontal_scroll&quot;:&quot;no&quot;}\">\n\t\t\t\t<div class=\"elementor-element elementor-element-7408de4 wcf-t-animation-text_reveal wcf-starter-animations-none elementor-widget elementor-widget-heading\" data-id=\"7408de4\" data-element_type=\"widget\" data-e-type=\"widget\" data-settings=\"{&quot;wcf_text_animation&quot;:&quot;text_reveal&quot;,&quot;text_delay&quot;:0,&quot;text_duration&quot;:0.5,&quot;text_stagger&quot;:0.01,&quot;wcf_starter_animations&quot;:&quot;none&quot;,&quot;wcf_anim_duration&quot;:1000,&quot;wcf_anim_delay&quot;:0,&quot;wcf_anim_ease&quot;:&quot;ease&quot;,&quot;aae_text_trigger&quot;:&quot;on_scroll&quot;,&quot;wcf-animation&quot;:&quot;none&quot;}\" data-widget_type=\"heading.default\">\n\t\t\t\t\t<h2 class=\"elementor-heading-title elementor-size-default\">POL\u00cdTICA DE PRIVACIDAD<\/h2>\t\t\t\t<\/div>\n\t\t\t\t<\/div>\n\t\t\t\t<\/div>\n\t\t\t\t<\/div>\n\t\t<div class=\"elementor-element elementor-element-a27ac71 e-con-full e-flex wcf-starter-animations-none e-con e-parent\" data-id=\"a27ac71\" data-element_type=\"container\" data-e-type=\"container\" data-settings=\"{&quot;wcf_enable_cursor_hover_effect_text&quot;:&quot;View&quot;,&quot;wcf-animation&quot;:&quot;none&quot;,&quot;wcf_enable_pin_area&quot;:&quot;no&quot;,&quot;aae_enable_header_sticky_area&quot;:&quot;no&quot;,&quot;wcf_enable_horizontal_scroll&quot;:&quot;no&quot;}\">\n\t\t\t\t<div class=\"elementor-element elementor-element-48faef1 elementor-widget-divider--view-line elementor-widget elementor-widget-divider\" data-id=\"48faef1\" data-element_type=\"widget\" data-e-type=\"widget\" data-settings=\"{&quot;wcf-animation&quot;:&quot;none&quot;}\" data-widget_type=\"divider.default\">\n\t\t\t\t\t\t\t<div class=\"elementor-divider\">\n\t\t\t<span class=\"elementor-divider-separator\">\n\t\t\t\t\t\t<\/span>\n\t\t<\/div>\n\t\t\t\t\t\t<\/div>\n\t\t\t\t<div class=\"elementor-element elementor-element-7292f1a wcf-starter-animations-none wcf-t-animation-none elementor-widget elementor-widget-text-editor\" data-id=\"7292f1a\" data-element_type=\"widget\" data-e-type=\"widget\" data-settings=\"{&quot;wcf_starter_animations&quot;:&quot;none&quot;,&quot;wcf_anim_duration&quot;:1000,&quot;wcf_anim_delay&quot;:0,&quot;wcf_anim_ease&quot;:&quot;ease&quot;,&quot;wcf_text_animation&quot;:&quot;none&quot;,&quot;wcf-animation&quot;:&quot;none&quot;}\" data-widget_type=\"text-editor.default\">\n\t\t\t\t\t\t\t\t\t<p><strong>\u00bfQui\u00e9n es el responsable del tratamiento de sus datos?<\/strong><\/p>\n<p><strong>Identidad:<\/strong>&nbsp;<strong>ORIGEN REAL FOOD<\/strong><\/p>\n<p><strong>CIF:&nbsp;B31749286<\/strong><\/p>\n<p><strong>Direcci\u00f3n postal:<\/strong>&nbsp;Lugar parque comercial galaria, ptl 3 ofic 2j, galar, 31191, Navarra.<\/p>\n<p><strong>Tel\u00e9fono:<\/strong>&nbsp;948293996<\/p>\n<p><strong>Correo electr\u00f3nico:&nbsp;<\/strong><a href=\"mailto:origenrealfood@gmail.com\" style=\"font-weight: 500; letter-spacing: -0.2px;\">origenrealfood@gmail.com<\/a>&nbsp;<\/p>\n<p><strong><br><\/strong><\/p>\n<p><\/p>\n<p><strong>\u00bfCon qu\u00e9 finalidad tratamos sus datos personales?<\/strong><\/p>\n<p>En&nbsp;<strong>ORIGEN REAL FOOD <\/strong>&nbsp;tratamos la informaci\u00f3n que nos facilitan las personas interesadas con el fin de realizar la gesti\u00f3n administrativa, contable y fiscal, as\u00ed como enviarle comunicaciones comerciales sobre nuestros productos y\/o servicios. El env\u00edo de comunicaciones relacionadas con la relaci\u00f3n mercantil con nuestro cliente y con la prestaci\u00f3n de los servicios y\/o productos suministrados. El env\u00edo de productos a trav\u00e9s de terceros. Finalidades relacionadas como usuario de los servicios que brindamos en nuestra p\u00e1gina web&nbsp;<a href=\"https:\/\/origenrealfood.com\/\">https:\/\/origenrealfood.com\/<\/a><\/p>\n<p>No se van a tomar decisiones automatizadas en base a los datos proporcionados.<\/p>\n<p><strong>\u00bfPor cu\u00e1nto tiempo conservaremos sus datos?<\/strong><\/p>\n<p>Los datos se conservar\u00e1n mientras el interesado no solicite su supresi\u00f3n, y en su caso, durante los a\u00f1os necesarios para cumplir con las obligaciones legales.<\/p>\n<p><strong>\u00bfCu\u00e1l es la legitimaci\u00f3n para el tratamiento de sus datos?<\/strong><\/p>\n<p>Le indicamos la base legal para el tratamiento de sus datos:<\/p>\n<p>RGPD UE 2016\/679 y LOPD-GDD 3\/2018<\/p>\n<ul>\n<li><strong>Ejecuci\u00f3n de un contrato:<\/strong>&nbsp;Gesti\u00f3n fiscal, contable y administrativa de clientes. Tratamiento necesario para la ejecuci\u00f3n de un contrato en el que el interesado es parte o para la aplicaci\u00f3n, a petici\u00f3n de este, de medidas precontractuales. La compraventa de productos y\/o servicios prestados (RGPD art. 6.1.b)<\/li>\n<li><strong>Inter\u00e9s leg\u00edtimo del Responsable:<\/strong>&nbsp;Env\u00edo de comunicaciones comerciales incluso por v\u00eda electr\u00f3nica. (RGPD Considerando 47, LSSICE art. 21.2). Finalidades relacionadas con la prestaci\u00f3n y asistencia de los servicios prestados y\/o productos suministrados, la gesti\u00f3n de ofertas a clientes, la atenci\u00f3n al cliente, reclamaciones y quejas, cesi\u00f3n de datos a terceros para el transporte y entrega. Cesi\u00f3n de datos a terceros para la prestaci\u00f3n de los servicios y la coordinaci\u00f3n de actividades empresariales (RGPD art. 6.1.f)<\/li>\n<li><strong>Cumplimiento de una obligaci\u00f3n legal:<\/strong>&nbsp;Cumplimiento de las obligaciones legales derivadas de nuestra relaci\u00f3n profesional, laboral o mercantil (RGPD art. 6.1.c)<\/li>\n<\/ul>\n<p><strong>&nbsp;<\/strong><\/p>\n<p><strong>\u00bfA qu\u00e9 destinatarios se comunicar\u00e1n sus datos?<\/strong><\/p>\n<p>Los datos se comunicar\u00e1n a los siguientes destinatarios:<\/p>\n<ul>\n<li>Administraci\u00f3n P\u00fablica con competencia en la materia, con la finalidad de cumplir las obligaciones legales (requisito legal)<\/li>\n<li>Administraci\u00f3n Tributaria, con la finalidad de cumplir con las obligaciones legales (requisito legal).<\/li>\n<li>Entidades bancarias y financieras, con la finalidad de gesti\u00f3n de los cobros y pagos (requisito contractual).<\/li>\n<li>Organizaciones y empresas relacionadas con el responsable de tratamiento, con la finalidad de prestar servicios externos a la empresa como: asesor\u00edas, consultoras, inform\u00e1tica, auditores, seguros, prevenci\u00f3n de riesgos laborales, transporte, agencias de viaje, abogados y dem\u00e1s proveedores de servicios externos.<\/li>\n<li>Cesi\u00f3n de datos a otras empresas de&nbsp;<strong>ORIGEN REAL FOOD<\/strong><\/li>\n<\/ul>\n<p><strong>&nbsp;<\/strong><\/p>\n<p><strong>Transferencias de datos a terceros pa\u00edses<\/strong><\/p>\n<p>No est\u00e1n previstas transferencias de datos a terceros pa\u00edses.<\/p>\n<p>\u00bfCu\u00e1les son sus derechos cuando nos facilita sus datos?<\/p>\n<p>Cualquier persona tiene derecho a obtener confirmaci\u00f3n sobre si en&nbsp;<strong>ORIGEN REAL FOOD<\/strong> estamos tratando, o no, datos personales que les conciernan.<\/p>\n<p>Las personas interesadas tienen derecho a acceder a sus datos personales, as\u00ed como a solicitar la rectificaci\u00f3n de los datos inexactos o, en su caso, solicitar su supresi\u00f3n cuando, entre otros motivos, los datos ya no sean necesarios para los fines que fueron recogidos. Igualmente tiene derecho a la portabilidad de sus datos.<\/p>\n<p>En determinadas circunstancias, los interesados podr\u00e1n solicitar la limitaci\u00f3n del tratamiento de sus datos, en cuyo caso \u00fanicamente los conservaremos para el ejercicio o la defensa de reclamaciones.<\/p>\n<p>En determinadas circunstancias y por motivos relacionados con su situaci\u00f3n particular, los interesados podr\u00e1n oponerse al tratamiento de sus datos. En este caso,&nbsp;<strong>ORIGEN REAL FOOD<\/strong> dejar\u00e1 de tratar los datos, salvo por motivos leg\u00edtimos imperiosos, o el ejercicio o la defensa de posibles reclamaciones.<\/p>\n<p>Podr\u00e1 ejercitar materialmente sus derechos de la siguiente forma: dirigi\u00e9ndose a <a href=\"mailto:origenrealfood@gmail.com\">origenrealfood@gmail.com<\/a> &nbsp;&nbsp;o en la direcci\u00f3n <strong>Lugar parque comercial galaria, ptl 3 ofic 2j, galar, 31191, Navarra.<\/strong><\/p>\n<p>Cuando se realice el env\u00edo de comunicaciones comerciales utilizando como base jur\u00eddica el inter\u00e9s leg\u00edtimo del responsable, el interesado podr\u00e1 oponerse al tratamiento de sus datos con ese fin.<\/p>\n<p>En caso de que sienta vulnerados sus derechos en lo concerniente a la protecci\u00f3n de sus datos personales, especialmente cuando no haya obtenido satisfacci\u00f3n en el ejercicio de sus derechos, puede presentar una reclamaci\u00f3n ante la Autoridad de Control en materia de Protecci\u00f3n de Datos competente a trav\u00e9s de su sitio web: www.aepd.es.<\/p><p><br><\/p>\n<p><strong>\u00bfC\u00f3mo hemos obtenido sus datos?<\/strong><\/p>\n<p>Los datos personales que tratamos en&nbsp;<strong>ORIGEN REAL FOOD<\/strong> proceden del propio interesado.<\/p>\n<p>Las categor\u00edas de datos que se tratan son:<\/p>\n<ul>\n<li>Datos identificativos.<\/li>\n<li>Direcciones postales y electr\u00f3nicas.<\/li>\n<li>Informaci\u00f3n comercial.<\/li>\n<li>Datos econ\u00f3micos.<\/li>\n<\/ul>\n<p><strong>Seguridad<\/strong><\/p>\n<p><strong>ORIGEN REAL FOOD<\/strong> salvaguardar\u00e1 la confidencialidad de los datos y el procesamiento de estos de tal manera que su privacidad est\u00e9 protegida en t\u00e9rminos de la Ley, garantizando el cumplimiento de la presente pol\u00edtica por la empresa y por aquellos terceros con quienes mantenga una relaci\u00f3n jur\u00eddica para la adecuada prestaci\u00f3n de sus servicios.<\/p>\n<p><strong>Vigencia, revisi\u00f3n y fecha de actualizaci\u00f3n<\/strong><\/p>\n<p>Esta pol\u00edtica entra en vigor a partir del 25 de mayo de 2018, y sustituye a las que hasta la fecha tuvieran implementadas en&nbsp;<strong>ORIGEN REAL FOOD<\/strong><\/p>\n<p>Fecha de \u00faltima actualizaci\u00f3n: Septiembre de 2020<\/p>\t\t\t\t\t\t\t\t<\/div>\n\t\t\t\t<\/div>\n\t\t\t\t<\/div>\n\t\t","protected":false},"excerpt":{"rendered":"<p>POL\u00cdTICA DE PRIVACIDAD \u00bfQui\u00e9n es el responsable del tratamiento de sus datos? Identidad:&nbsp;ORIGEN REAL FOOD CIF:&nbsp;B31749286 Direcci\u00f3n postal:&nbsp;Lugar parque comercial galaria, ptl 3 ofic 2j, galar, 31191, Navarra. Tel\u00e9fono:&nbsp;948293996 Correo electr\u00f3nico:&nbsp;origenrealfood@gmail.com&nbsp; \u00bfCon qu\u00e9 finalidad tratamos sus datos personales? En&nbsp;ORIGEN REAL FOOD &nbsp;tratamos la informaci\u00f3n que nos facilitan las personas interesadas con el fin de realizar [&hellip;]<\/p>\n","protected":false},"author":1,"featured_media":0,"parent":0,"menu_order":6,"comment_status":"closed","ping_status":"closed","template":"elementor_header_footer","meta":{"inline_featured_image":false,"footnotes":""},"class_list":["post-867","page","type-page","status-publish","hentry"],"yoast_head":"<!-- This site is optimized with the Yoast SEO plugin v27.4 - https:\/\/yoast.com\/product\/yoast-seo-wordpress\/ -->\n<title>POL\u00cdTICA DE PRIVACIDAD - ORIGEN REAL FOOD<\/title>\n<meta name=\"robots\" content=\"index, follow, max-snippet:-1, max-image-preview:large, max-video-preview:-1\" \/>\n<link rel=\"canonical\" href=\"https:\/\/origenrealfood.com\/index.php\/politica-de-privacidad\/\" \/>\n<meta property=\"og:locale\" content=\"es_ES\" \/>\n<meta property=\"og:type\" content=\"article\" \/>\n<meta property=\"og:title\" content=\"POL\u00cdTICA DE PRIVACIDAD - ORIGEN REAL FOOD\" \/>\n<meta property=\"og:description\" content=\"POL\u00cdTICA DE PRIVACIDAD \u00bfQui\u00e9n es el responsable del tratamiento de sus datos? Identidad:&nbsp;ORIGEN REAL FOOD CIF:&nbsp;B31749286 Direcci\u00f3n postal:&nbsp;Lugar parque comercial galaria, ptl 3 ofic 2j, galar, 31191, Navarra. Tel\u00e9fono:&nbsp;948293996 Correo electr\u00f3nico:&nbsp;origenrealfood@gmail.com&nbsp; \u00bfCon qu\u00e9 finalidad tratamos sus datos personales? En&nbsp;ORIGEN REAL FOOD &nbsp;tratamos la informaci\u00f3n que nos facilitan las personas interesadas con el fin de realizar [&hellip;]\" \/>\n<meta property=\"og:url\" content=\"https:\/\/origenrealfood.com\/index.php\/politica-de-privacidad\/\" \/>\n<meta property=\"og:site_name\" content=\"ORIGEN REAL FOOD\" \/>\n<meta property=\"article:modified_time\" content=\"2026-05-06T17:35:06+00:00\" \/>\n<meta property=\"og:image\" content=\"https:\/\/origenrealfood.com\/wp-content\/uploads\/2026\/04\/Fachada-scaled.jpeg\" \/>\n\t<meta property=\"og:image:width\" content=\"1920\" \/>\n\t<meta property=\"og:image:height\" content=\"2560\" \/>\n\t<meta property=\"og:image:type\" content=\"image\/jpeg\" \/>\n<meta name=\"twitter:card\" content=\"summary_large_image\" \/>\n<meta name=\"twitter:label1\" content=\"Tiempo de lectura\" \/>\n\t<meta name=\"twitter:data1\" content=\"4 minutos\" \/>\n<script type=\"application\/ld+json\" class=\"yoast-schema-graph\">{\"@context\":\"https:\\\/\\\/schema.org\",\"@graph\":[{\"@type\":\"WebPage\",\"@id\":\"https:\\\/\\\/origenrealfood.com\\\/index.php\\\/politica-de-privacidad\\\/\",\"url\":\"https:\\\/\\\/origenrealfood.com\\\/index.php\\\/politica-de-privacidad\\\/\",\"name\":\"POL\u00cdTICA DE PRIVACIDAD - ORIGEN REAL FOOD\",\"isPartOf\":{\"@id\":\"https:\\\/\\\/origenrealfood.com\\\/#website\"},\"datePublished\":\"2026-05-06T17:03:17+00:00\",\"dateModified\":\"2026-05-06T17:35:06+00:00\",\"breadcrumb\":{\"@id\":\"https:\\\/\\\/origenrealfood.com\\\/index.php\\\/politica-de-privacidad\\\/#breadcrumb\"},\"inLanguage\":\"es\",\"potentialAction\":[{\"@type\":\"ReadAction\",\"target\":[\"https:\\\/\\\/origenrealfood.com\\\/index.php\\\/politica-de-privacidad\\\/\"]}]},{\"@type\":\"BreadcrumbList\",\"@id\":\"https:\\\/\\\/origenrealfood.com\\\/index.php\\\/politica-de-privacidad\\\/#breadcrumb\",\"itemListElement\":[{\"@type\":\"ListItem\",\"position\":1,\"name\":\"Portada\",\"item\":\"https:\\\/\\\/origenrealfood.com\\\/\"},{\"@type\":\"ListItem\",\"position\":2,\"name\":\"POL\u00cdTICA DE PRIVACIDAD\"}]},{\"@type\":\"WebSite\",\"@id\":\"https:\\\/\\\/origenrealfood.com\\\/#website\",\"url\":\"https:\\\/\\\/origenrealfood.com\\\/\",\"name\":\"ORIGEN REAL FOOD\",\"description\":\"ORIGEN es un restaurante de comida saludable y real food basado en productos naturales y elaboraciones caseras. Nuestra propuesta se centra en ofrecer platos equilibrados preparados con ingredientes frescos y de calidad, sin ultraprocesados ni componentes artificiales. Nuestra cocina se inspira en la dieta mediterr\u00e1nea, con opciones pensadas para aportar energ\u00eda y bienestar en el d\u00eda a d\u00eda. En nuestra carta encontrar\u00e1s desayunos saludables, tostadas, bowls, ensaladas, platos equilibrados y postres caseros, elaborados con ingredientes naturales. ORIGEN nace con la idea de ofrecer una alternativa real a la comida r\u00e1pida y ultraprocesada, apostando por una alimentaci\u00f3n consciente, sencilla y de calidad.\",\"publisher\":{\"@id\":\"https:\\\/\\\/origenrealfood.com\\\/#organization\"},\"alternateName\":\"Restaurantes Veganos y de comida saludable en Pamplona\",\"potentialAction\":[{\"@type\":\"SearchAction\",\"target\":{\"@type\":\"EntryPoint\",\"urlTemplate\":\"https:\\\/\\\/origenrealfood.com\\\/?s={search_term_string}\"},\"query-input\":{\"@type\":\"PropertyValueSpecification\",\"valueRequired\":true,\"valueName\":\"search_term_string\"}}],\"inLanguage\":\"es\"},{\"@type\":\"Organization\",\"@id\":\"https:\\\/\\\/origenrealfood.com\\\/#organization\",\"name\":\"ORIGEN REAL FOOD\",\"alternateName\":\"Restaurante de comida vegetariana y saludable en Pamplona Navarra.\",\"url\":\"https:\\\/\\\/origenrealfood.com\\\/\",\"logo\":{\"@type\":\"ImageObject\",\"inLanguage\":\"es\",\"@id\":\"https:\\\/\\\/origenrealfood.com\\\/#\\\/schema\\\/logo\\\/image\\\/\",\"url\":\"https:\\\/\\\/origenrealfood.com\\\/wp-content\\\/uploads\\\/2026\\\/02\\\/logo_solo_origen_negro.png\",\"contentUrl\":\"https:\\\/\\\/origenrealfood.com\\\/wp-content\\\/uploads\\\/2026\\\/02\\\/logo_solo_origen_negro.png\",\"width\":1000,\"height\":204,\"caption\":\"ORIGEN REAL FOOD\"},\"image\":{\"@id\":\"https:\\\/\\\/origenrealfood.com\\\/#\\\/schema\\\/logo\\\/image\\\/\"},\"sameAs\":[\"https:\\\/\\\/www.instagram.com\\\/origenrealfood\\\/\",\"https:\\\/\\\/www.tiktok.com\\\/@origenrealfood\"]}]}<\/script>\n<!-- \/ Yoast SEO plugin. -->","yoast_head_json":{"title":"POL\u00cdTICA DE PRIVACIDAD - ORIGEN REAL FOOD","robots":{"index":"index","follow":"follow","max-snippet":"max-snippet:-1","max-image-preview":"max-image-preview:large","max-video-preview":"max-video-preview:-1"},"canonical":"https:\/\/origenrealfood.com\/index.php\/politica-de-privacidad\/","og_locale":"es_ES","og_type":"article","og_title":"POL\u00cdTICA DE PRIVACIDAD - ORIGEN REAL FOOD","og_description":"POL\u00cdTICA DE PRIVACIDAD \u00bfQui\u00e9n es el responsable del tratamiento de sus datos? Identidad:&nbsp;ORIGEN REAL FOOD CIF:&nbsp;B31749286 Direcci\u00f3n postal:&nbsp;Lugar parque comercial galaria, ptl 3 ofic 2j, galar, 31191, Navarra. Tel\u00e9fono:&nbsp;948293996 Correo electr\u00f3nico:&nbsp;origenrealfood@gmail.com&nbsp; \u00bfCon qu\u00e9 finalidad tratamos sus datos personales? En&nbsp;ORIGEN REAL FOOD &nbsp;tratamos la informaci\u00f3n que nos facilitan las personas interesadas con el fin de realizar [&hellip;]","og_url":"https:\/\/origenrealfood.com\/index.php\/politica-de-privacidad\/","og_site_name":"ORIGEN REAL FOOD","article_modified_time":"2026-05-06T17:35:06+00:00","og_image":[{"width":1920,"height":2560,"url":"https:\/\/origenrealfood.com\/wp-content\/uploads\/2026\/04\/Fachada-scaled.jpeg","type":"image\/jpeg"}],"twitter_card":"summary_large_image","twitter_misc":{"Tiempo de lectura":"4 minutos"},"schema":{"@context":"https:\/\/schema.org","@graph":[{"@type":"WebPage","@id":"https:\/\/origenrealfood.com\/index.php\/politica-de-privacidad\/","url":"https:\/\/origenrealfood.com\/index.php\/politica-de-privacidad\/","name":"POL\u00cdTICA DE PRIVACIDAD - ORIGEN REAL FOOD","isPartOf":{"@id":"https:\/\/origenrealfood.com\/#website"},"datePublished":"2026-05-06T17:03:17+00:00","dateModified":"2026-05-06T17:35:06+00:00","breadcrumb":{"@id":"https:\/\/origenrealfood.com\/index.php\/politica-de-privacidad\/#breadcrumb"},"inLanguage":"es","potentialAction":[{"@type":"ReadAction","target":["https:\/\/origenrealfood.com\/index.php\/politica-de-privacidad\/"]}]},{"@type":"BreadcrumbList","@id":"https:\/\/origenrealfood.com\/index.php\/politica-de-privacidad\/#breadcrumb","itemListElement":[{"@type":"ListItem","position":1,"name":"Portada","item":"https:\/\/origenrealfood.com\/"},{"@type":"ListItem","position":2,"name":"POL\u00cdTICA DE PRIVACIDAD"}]},{"@type":"WebSite","@id":"https:\/\/origenrealfood.com\/#website","url":"https:\/\/origenrealfood.com\/","name":"ORIGEN REAL FOOD","description":"ORIGEN es un restaurante de comida saludable y real food basado en productos naturales y elaboraciones caseras. Nuestra propuesta se centra en ofrecer platos equilibrados preparados con ingredientes frescos y de calidad, sin ultraprocesados ni componentes artificiales. Nuestra cocina se inspira en la dieta mediterr\u00e1nea, con opciones pensadas para aportar energ\u00eda y bienestar en el d\u00eda a d\u00eda. En nuestra carta encontrar\u00e1s desayunos saludables, tostadas, bowls, ensaladas, platos equilibrados y postres caseros, elaborados con ingredientes naturales. ORIGEN nace con la idea de ofrecer una alternativa real a la comida r\u00e1pida y ultraprocesada, apostando por una alimentaci\u00f3n consciente, sencilla y de calidad.","publisher":{"@id":"https:\/\/origenrealfood.com\/#organization"},"alternateName":"Restaurantes Veganos y de comida saludable en Pamplona","potentialAction":[{"@type":"SearchAction","target":{"@type":"EntryPoint","urlTemplate":"https:\/\/origenrealfood.com\/?s={search_term_string}"},"query-input":{"@type":"PropertyValueSpecification","valueRequired":true,"valueName":"search_term_string"}}],"inLanguage":"es"},{"@type":"Organization","@id":"https:\/\/origenrealfood.com\/#organization","name":"ORIGEN REAL FOOD","alternateName":"Restaurante de comida vegetariana y saludable en Pamplona Navarra.","url":"https:\/\/origenrealfood.com\/","logo":{"@type":"ImageObject","inLanguage":"es","@id":"https:\/\/origenrealfood.com\/#\/schema\/logo\/image\/","url":"https:\/\/origenrealfood.com\/wp-content\/uploads\/2026\/02\/logo_solo_origen_negro.png","contentUrl":"https:\/\/origenrealfood.com\/wp-content\/uploads\/2026\/02\/logo_solo_origen_negro.png","width":1000,"height":204,"caption":"ORIGEN REAL FOOD"},"image":{"@id":"https:\/\/origenrealfood.com\/#\/schema\/logo\/image\/"},"sameAs":["https:\/\/www.instagram.com\/origenrealfood\/","https:\/\/www.tiktok.com\/@origenrealfood"]}]}},"_links":{"self":[{"href":"https:\/\/origenrealfood.com\/index.php\/wp-json\/wp\/v2\/pages\/867","targetHints":{"allow":["GET"]}}],"collection":[{"href":"https:\/\/origenrealfood.com\/index.php\/wp-json\/wp\/v2\/pages"}],"about":[{"href":"https:\/\/origenrealfood.com\/index.php\/wp-json\/wp\/v2\/types\/page"}],"author":[{"embeddable":true,"href":"https:\/\/origenrealfood.com\/index.php\/wp-json\/wp\/v2\/users\/1"}],"replies":[{"embeddable":true,"href":"https:\/\/origenrealfood.com\/index.php\/wp-json\/wp\/v2\/comments?post=867"}],"version-history":[{"count":13,"href":"https:\/\/origenrealfood.com\/index.php\/wp-json\/wp\/v2\/pages\/867\/revisions"}],"predecessor-version":[{"id":898,"href":"https:\/\/origenrealfood.com\/index.php\/wp-json\/wp\/v2\/pages\/867\/revisions\/898"}],"wp:attachment":[{"href":"https:\/\/origenrealfood.com\/index.php\/wp-json\/wp\/v2\/media?parent=867"}],"curies":[{"name":"wp","href":"https:\/\/api.w.org\/{rel}","templated":true}]}}